{"id":1102,"date":"2025-12-14T23:07:05","date_gmt":"2025-12-14T22:07:05","guid":{"rendered":"https:\/\/ea-haushaltsaufloesung.de\/?page_id=1102"},"modified":"2026-02-23T20:32:31","modified_gmt":"2026-02-23T19:32:31","slug":"datenschutz","status":"publish","type":"page","link":"https:\/\/ea-haushaltsaufloesung.de\/?page_id=1102","title":{"rendered":"Datenschutz"},"content":{"rendered":"\t\t<div data-elementor-type=\"wp-page\" data-elementor-id=\"1102\" class=\"elementor elementor-1102\">\n\t\t\t\t<div class=\"elementor-element elementor-element-1b1dd3ff e-flex e-con-boxed wpr-particle-no wpr-jarallax-no wpr-parallax-no wpr-sticky-section-no e-con e-parent\" data-id=\"1b1dd3ff\" data-element_type=\"container\" data-e-type=\"container\">\n\t\t\t\t\t<div class=\"e-con-inner\">\n\t\t\t\t<div class=\"elementor-element elementor-element-3aea504e elementor-widget elementor-widget-text-editor\" data-id=\"3aea504e\" data-element_type=\"widget\" data-e-type=\"widget\" data-widget_type=\"text-editor.default\">\n\t\t\t\t\t\t\t\t\t<h1 data-start=\"118\" data-end=\"140\">Datenschutzerkl\u00e4rung<\/h1><p data-start=\"142\" data-end=\"331\">Der Schutz Ihrer personenbezogenen Daten ist uns wichtig. Wir verarbeiten Ihre Daten vertraulich und entsprechend der gesetzlichen Datenschutzvorschriften sowie dieser Datenschutzerkl\u00e4rung.<\/p><hr data-start=\"333\" data-end=\"336\" \/><h2 data-start=\"338\" data-end=\"360\">1. Verantwortlicher<\/h2><p data-start=\"362\" data-end=\"467\">EA Haushaltsaufl\u00f6sung<br data-start=\"383\" data-end=\"386\" \/>Inhaber: Emrah Altun<br data-start=\"406\" data-end=\"409\" \/>Kantstra\u00dfe 17<br data-start=\"422\" data-end=\"425\" \/>68535 Edingen-Neckarhausen<br data-start=\"451\" data-end=\"454\" \/>Deutschland<\/p><p data-start=\"469\" data-end=\"526\">Telefon: +49 176 70992698<br data-start=\"494\" data-end=\"497\" \/>E-Mail: <a class=\"decorated-link cursor-pointer\" rel=\"noopener\" data-start=\"505\" data-end=\"526\">Yaman-535@outlook.com<\/a><\/p><hr data-start=\"528\" data-end=\"531\" \/><h2 data-start=\"533\" data-end=\"580\">2. Allgemeine Hinweise zur Datenverarbeitung<\/h2><p data-start=\"582\" data-end=\"847\">Personenbezogene Daten sind Informationen, mit denen Sie pers\u00f6nlich identifiziert werden k\u00f6nnen. Diese Datenschutzerkl\u00e4rung informiert Sie dar\u00fcber, welche Daten beim Besuch unserer Website erhoben werden, wie wir diese verwenden und zu welchem Zweck dies geschieht.<\/p><p data-start=\"849\" data-end=\"983\">Die Verarbeitung erfolgt auf Grundlage der Datenschutz-Grundverordnung (DSGVO) sowie der geltenden nationalen Datenschutzbestimmungen.<\/p><hr data-start=\"985\" data-end=\"988\" \/><h2 data-start=\"990\" data-end=\"1034\">3. Datenerfassung beim Besuch der Website<\/h2><p data-start=\"1036\" data-end=\"1159\">Beim Aufrufen unserer Website werden automatisch Informationen durch den Webserver erfasst (Server-Logfiles). Dazu geh\u00f6ren:<\/p><ul data-start=\"1161\" data-end=\"1328\"><li data-start=\"1161\" data-end=\"1175\"><p data-start=\"1163\" data-end=\"1175\">IP-Adresse<\/p><\/li><li data-start=\"1176\" data-end=\"1209\"><p data-start=\"1178\" data-end=\"1209\">Datum und Uhrzeit der Anfrage<\/p><\/li><li data-start=\"1210\" data-end=\"1243\"><p data-start=\"1212\" data-end=\"1243\">Browsertyp und Browserversion<\/p><\/li><li data-start=\"1244\" data-end=\"1274\"><p data-start=\"1246\" data-end=\"1274\">verwendetes Betriebssystem<\/p><\/li><li data-start=\"1275\" data-end=\"1291\"><p data-start=\"1277\" data-end=\"1291\">Referrer-URL<\/p><\/li><li data-start=\"1292\" data-end=\"1328\"><p data-start=\"1294\" data-end=\"1328\">Hostname des zugreifenden Rechners<\/p><\/li><\/ul><p data-start=\"1330\" data-end=\"1495\">Diese Daten dienen ausschlie\u00dflich der technischen Bereitstellung der Website sowie der Systemsicherheit. Eine Zusammenf\u00fchrung mit anderen Datenquellen erfolgt nicht.<\/p><p data-start=\"1497\" data-end=\"1544\"><strong data-start=\"1497\" data-end=\"1517\">Rechtsgrundlage:<\/strong> Art. 6 Abs. 1 lit. f DSGVO<\/p><hr data-start=\"1546\" data-end=\"1549\" \/><h2 data-start=\"1551\" data-end=\"1597\">4. Kontaktaufnahme per E-Mail oder Formular<\/h2><p data-start=\"1599\" data-end=\"1716\">Wenn Sie uns kontaktieren, speichern wir Ihre Angaben zur Bearbeitung Ihrer Anfrage und f\u00fcr m\u00f6gliche Anschlussfragen.<\/p><p data-start=\"1718\" data-end=\"1749\">Verarbeitete Daten k\u00f6nnen sein:<\/p><ul data-start=\"1751\" data-end=\"1839\"><li data-start=\"1751\" data-end=\"1759\"><p data-start=\"1753\" data-end=\"1759\">Name<\/p><\/li><li data-start=\"1760\" data-end=\"1778\"><p data-start=\"1762\" data-end=\"1778\">E-Mail-Adresse<\/p><\/li><li data-start=\"1779\" data-end=\"1814\"><p data-start=\"1781\" data-end=\"1814\">Telefonnummer (falls angegeben)<\/p><\/li><li data-start=\"1815\" data-end=\"1839\"><p data-start=\"1817\" data-end=\"1839\">Inhalt Ihrer Nachricht<\/p><\/li><\/ul><p data-start=\"1841\" data-end=\"1904\">Eine Weitergabe an Dritte erfolgt nicht ohne Ihre Einwilligung.<\/p><p data-start=\"1906\" data-end=\"1981\"><strong data-start=\"1906\" data-end=\"1926\">Rechtsgrundlage:<\/strong> Art. 6 Abs. 1 lit. b DSGVO (vorvertragliche Ma\u00dfnahmen)<\/p><hr data-start=\"1983\" data-end=\"1986\" \/><h2 data-start=\"1988\" data-end=\"2015\">5. Kontakt \u00fcber WhatsApp<\/h2><p data-start=\"2017\" data-end=\"2185\">Sie k\u00f6nnen uns auch \u00fcber den Messenger-Dienst WhatsApp kontaktieren. Anbieter ist WhatsApp Ireland Limited, 4 Grand Canal Square, Grand Canal Harbour, Dublin 2, Irland.<\/p><p data-start=\"2187\" data-end=\"2494\">Wenn Sie diesen Weg nutzen, werden personenbezogene Daten (z. B. Telefonnummer, Nachrichteninhalte) an WhatsApp \u00fcbermittelt und dort verarbeitet. Die Datenverarbeitung kann auch auf Servern au\u00dferhalb der Europ\u00e4ischen Union erfolgen. Auf den Umfang der Datenerhebung durch WhatsApp haben wir keinen Einfluss.<\/p><p data-start=\"2496\" data-end=\"2587\"><strong data-start=\"2496\" data-end=\"2516\">Rechtsgrundlage:<\/strong> Art. 6 Abs. 1 lit. a DSGVO (Einwilligung durch aktive Kontaktaufnahme)<\/p><hr data-start=\"2589\" data-end=\"2592\" \/><h2 data-start=\"2594\" data-end=\"2607\">6. Cookies<\/h2><p data-start=\"2609\" data-end=\"2761\">Unsere Website verwendet Cookies. Dabei handelt es sich um kleine Textdateien, die auf Ihrem Endger\u00e4t gespeichert werden und keinen Schaden verursachen.<\/p><p data-start=\"2763\" data-end=\"2873\">Cookies dienen dazu, die Nutzung unserer Website technisch zu erm\u00f6glichen und nutzerfreundlicher zu gestalten.<\/p><p data-start=\"2875\" data-end=\"2938\">Es werden insbesondere technisch notwendige Cookies eingesetzt.<\/p><p data-start=\"2940\" data-end=\"3057\"><strong data-start=\"2940\" data-end=\"2960\">Rechtsgrundlage:<\/strong> Art. 6 Abs. 1 lit. f DSGVO<br data-start=\"2987\" data-end=\"2990\" \/>Sofern eine Einwilligung abgefragt wird: Art. 6 Abs. 1 lit. a DSGVO<\/p><hr data-start=\"3059\" data-end=\"3062\" \/><h2 data-start=\"3064\" data-end=\"3083\">7. Analyse-Tools<\/h2><p data-start=\"3085\" data-end=\"3249\">Derzeit setzen wir keine Analyse- oder Tracking-Tools (z. B. Google Analytics) ein. Sollte sich dies \u00e4ndern, wird diese Datenschutzerkl\u00e4rung entsprechend angepasst.<\/p><hr data-start=\"3251\" data-end=\"3254\" \/><h2 data-start=\"3256\" data-end=\"3269\">8. Hosting<\/h2><p data-start=\"3271\" data-end=\"3418\">Die Website wird bei einem externen Hosting-Anbieter betrieben. Dabei k\u00f6nnen personenbezogene Daten auf den Servern des Hosters gespeichert werden.<\/p><p data-start=\"3420\" data-end=\"3521\">Der Einsatz erfolgt zur sicheren, schnellen und zuverl\u00e4ssigen Bereitstellung unseres Online-Angebots.<\/p><p data-start=\"3523\" data-end=\"3576\"><strong data-start=\"3523\" data-end=\"3543\">Rechtsgrundlage:<\/strong> Art. 6 Abs. 1 lit. b und f DSGVO<\/p><hr data-start=\"3578\" data-end=\"3581\" \/><h2 data-start=\"3583\" data-end=\"3600\">9. Ihre Rechte<\/h2><p data-start=\"3602\" data-end=\"3686\">Sie haben im Rahmen der geltenden gesetzlichen Bestimmungen jederzeit das Recht auf:<\/p><ul data-start=\"3688\" data-end=\"3983\"><li data-start=\"3688\" data-end=\"3746\"><p data-start=\"3690\" data-end=\"3746\">Auskunft \u00fcber Ihre gespeicherten Daten (Art. 15 DSGVO)<\/p><\/li><li data-start=\"3747\" data-end=\"3797\"><p data-start=\"3749\" data-end=\"3797\">Berichtigung unrichtiger Daten (Art. 16 DSGVO)<\/p><\/li><li data-start=\"3798\" data-end=\"3838\"><p data-start=\"3800\" data-end=\"3838\">L\u00f6schung Ihrer Daten (Art. 17 DSGVO)<\/p><\/li><li data-start=\"3839\" data-end=\"3889\"><p data-start=\"3841\" data-end=\"3889\">Einschr\u00e4nkung der Verarbeitung (Art. 18 DSGVO)<\/p><\/li><li data-start=\"3890\" data-end=\"3930\"><p data-start=\"3892\" data-end=\"3930\">Daten\u00fcbertragbarkeit (Art. 20 DSGVO)<\/p><\/li><li data-start=\"3931\" data-end=\"3983\"><p data-start=\"3933\" data-end=\"3983\">Widerspruch gegen die Verarbeitung (Art. 21 DSGVO)<\/p><\/li><\/ul><p data-start=\"3985\" data-end=\"4078\">Au\u00dferdem steht Ihnen ein Beschwerderecht bei der zust\u00e4ndigen Datenschutz-Aufsichtsbeh\u00f6rde zu.<\/p><hr data-start=\"4080\" data-end=\"4083\" \/><h2 data-start=\"4085\" data-end=\"4119\">10. Widerruf Ihrer Einwilligung<\/h2><p data-start=\"4121\" data-end=\"4289\">Eine erteilte Einwilligung zur Datenverarbeitung k\u00f6nnen Sie jederzeit widerrufen. Die Rechtm\u00e4\u00dfigkeit der bis zum Widerruf erfolgten Verarbeitung bleibt davon unber\u00fchrt.<\/p><hr data-start=\"4291\" data-end=\"4294\" \/><h2 data-start=\"4296\" data-end=\"4332\">11. SSL- bzw. TLS-Verschl\u00fcsselung<\/h2><p data-start=\"4334\" data-end=\"4510\">Unsere Website verwendet aus Sicherheitsgr\u00fcnden eine SSL- bzw. TLS-Verschl\u00fcsselung. Eine verschl\u00fcsselte Verbindung erkennen Sie an \u201ehttps:\/\/\u201c in der Adresszeile Ihres Browsers.<\/p><hr data-start=\"4512\" data-end=\"4515\" \/><h2 data-start=\"4517\" data-end=\"4534\">12. Aktualit\u00e4t<\/h2><p data-start=\"4536\" data-end=\"4685\">Diese Datenschutzerkl\u00e4rung ist aktuell g\u00fcltig. Durch technische \u00c4nderungen oder gesetzliche Anpassungen kann eine Aktualisierung erforderlich werden.<\/p>\t\t\t\t\t\t\t\t<\/div>\n\t\t\t\t\t<\/div>\n\t\t\t\t<\/div>\n\t\t\t\t<\/div>\n\t\t","protected":false},"excerpt":{"rendered":"<p>Datenschutzerkl\u00e4rung Der Schutz Ihrer personenbezogenen Daten ist uns wichtig. Wir verarbeiten Ihre Daten vertraulich und entsprechend der gesetzlichen Datenschutzvorschriften sowie dieser Datenschutzerkl\u00e4rung. 1. Verantwortlicher EA Haushaltsaufl\u00f6sungInhaber: Emrah AltunKantstra\u00dfe 1768535 Edingen-NeckarhausenDeutschland Telefon: +49 176 70992698E-Mail: Yaman-535@outlook.com 2. Allgemeine Hinweise zur Datenverarbeitung Personenbezogene Daten sind Informationen, mit denen Sie pers\u00f6nlich identifiziert werden k\u00f6nnen. Diese Datenschutzerkl\u00e4rung informiert Sie dar\u00fcber, welche Daten beim Besuch unserer Website erhoben werden, wie wir diese verwenden und zu welchem Zweck dies geschieht. Die Verarbeitung erfolgt auf Grundlage der Datenschutz-Grundverordnung (DSGVO) sowie der geltenden nationalen Datenschutzbestimmungen. 3. Datenerfassung beim Besuch der Website Beim Aufrufen unserer Website werden automatisch Informationen durch den Webserver erfasst (Server-Logfiles). Dazu geh\u00f6ren: IP-Adresse Datum und Uhrzeit der Anfrage Browsertyp und Browserversion verwendetes Betriebssystem Referrer-URL Hostname des zugreifenden Rechners Diese Daten dienen ausschlie\u00dflich der technischen Bereitstellung der Website sowie der Systemsicherheit. Eine Zusammenf\u00fchrung mit anderen Datenquellen erfolgt nicht. Rechtsgrundlage: Art. 6 Abs. 1 lit. f DSGVO 4. Kontaktaufnahme per E-Mail oder Formular Wenn Sie uns kontaktieren, speichern wir Ihre Angaben zur Bearbeitung Ihrer Anfrage und f\u00fcr m\u00f6gliche Anschlussfragen. Verarbeitete Daten k\u00f6nnen sein: Name E-Mail-Adresse Telefonnummer (falls angegeben) Inhalt Ihrer Nachricht Eine Weitergabe an Dritte erfolgt nicht ohne Ihre Einwilligung. Rechtsgrundlage: Art. 6 Abs. 1 lit. b DSGVO (vorvertragliche Ma\u00dfnahmen) 5. Kontakt \u00fcber WhatsApp Sie k\u00f6nnen uns auch \u00fcber den Messenger-Dienst WhatsApp kontaktieren. Anbieter ist WhatsApp Ireland Limited, 4 Grand Canal Square, Grand Canal Harbour, Dublin 2, Irland. Wenn Sie diesen Weg nutzen, werden personenbezogene Daten (z. B. Telefonnummer, Nachrichteninhalte) an WhatsApp \u00fcbermittelt und dort verarbeitet. Die Datenverarbeitung kann auch auf Servern au\u00dferhalb der Europ\u00e4ischen Union erfolgen. Auf den Umfang der Datenerhebung durch WhatsApp haben wir keinen Einfluss. Rechtsgrundlage: Art. 6 Abs. 1 lit. a DSGVO (Einwilligung durch aktive Kontaktaufnahme) 6. Cookies Unsere Website verwendet Cookies. Dabei handelt es sich um kleine Textdateien, die auf Ihrem Endger\u00e4t gespeichert werden und keinen Schaden verursachen. Cookies dienen dazu, die Nutzung unserer Website technisch zu erm\u00f6glichen und nutzerfreundlicher zu gestalten. Es werden insbesondere technisch notwendige Cookies eingesetzt. Rechtsgrundlage: Art. 6 Abs. 1 lit. f DSGVOSofern eine Einwilligung abgefragt wird: Art. 6 Abs. 1 lit. a DSGVO 7. Analyse-Tools Derzeit setzen wir keine Analyse- oder Tracking-Tools (z. B. Google Analytics) ein. Sollte sich dies \u00e4ndern, wird diese Datenschutzerkl\u00e4rung entsprechend angepasst. 8. Hosting Die Website wird bei einem externen Hosting-Anbieter betrieben. Dabei k\u00f6nnen personenbezogene Daten auf den Servern des Hosters gespeichert werden. Der Einsatz erfolgt zur sicheren, schnellen und zuverl\u00e4ssigen Bereitstellung unseres Online-Angebots. Rechtsgrundlage: Art. 6 Abs. 1 lit. b und f DSGVO 9. Ihre Rechte Sie haben im Rahmen der geltenden gesetzlichen Bestimmungen jederzeit das Recht auf: Auskunft \u00fcber Ihre gespeicherten Daten (Art. 15 DSGVO) Berichtigung unrichtiger Daten (Art. 16 DSGVO) L\u00f6schung Ihrer Daten (Art. 17 DSGVO) Einschr\u00e4nkung der Verarbeitung (Art. 18 DSGVO) Daten\u00fcbertragbarkeit (Art. 20 DSGVO) Widerspruch gegen die Verarbeitung (Art. 21 DSGVO) Au\u00dferdem steht Ihnen ein Beschwerderecht bei der zust\u00e4ndigen Datenschutz-Aufsichtsbeh\u00f6rde zu. 10. Widerruf Ihrer Einwilligung Eine erteilte Einwilligung zur Datenverarbeitung k\u00f6nnen Sie jederzeit widerrufen. Die Rechtm\u00e4\u00dfigkeit der bis zum Widerruf erfolgten Verarbeitung bleibt davon unber\u00fchrt. 11. SSL- bzw. TLS-Verschl\u00fcsselung Unsere Website verwendet aus Sicherheitsgr\u00fcnden eine SSL- bzw. TLS-Verschl\u00fcsselung. Eine verschl\u00fcsselte Verbindung erkennen Sie an \u201ehttps:\/\/\u201c in der Adresszeile Ihres Browsers. 12. Aktualit\u00e4t Diese Datenschutzerkl\u00e4rung ist aktuell g\u00fcltig. Durch technische \u00c4nderungen oder gesetzliche Anpassungen kann eine Aktualisierung erforderlich werden.<\/p>\n","protected":false},"author":1,"featured_media":0,"parent":0,"menu_order":0,"comment_status":"closed","ping_status":"closed","template":"","meta":{"footnotes":""},"class_list":["post-1102","page","type-page","status-publish","hentry"],"_links":{"self":[{"href":"https:\/\/ea-haushaltsaufloesung.de\/index.php?rest_route=\/wp\/v2\/pages\/1102","targetHints":{"allow":["GET"]}}],"collection":[{"href":"https:\/\/ea-haushaltsaufloesung.de\/index.php?rest_route=\/wp\/v2\/pages"}],"about":[{"href":"https:\/\/ea-haushaltsaufloesung.de\/index.php?rest_route=\/wp\/v2\/types\/page"}],"author":[{"embeddable":true,"href":"https:\/\/ea-haushaltsaufloesung.de\/index.php?rest_route=\/wp\/v2\/users\/1"}],"replies":[{"embeddable":true,"href":"https:\/\/ea-haushaltsaufloesung.de\/index.php?rest_route=%2Fwp%2Fv2%2Fcomments&post=1102"}],"version-history":[{"count":6,"href":"https:\/\/ea-haushaltsaufloesung.de\/index.php?rest_route=\/wp\/v2\/pages\/1102\/revisions"}],"predecessor-version":[{"id":2328,"href":"https:\/\/ea-haushaltsaufloesung.de\/index.php?rest_route=\/wp\/v2\/pages\/1102\/revisions\/2328"}],"wp:attachment":[{"href":"https:\/\/ea-haushaltsaufloesung.de\/index.php?rest_route=%2Fwp%2Fv2%2Fmedia&parent=1102"}],"curies":[{"name":"wp","href":"https:\/\/api.w.org\/{rel}","templated":true}]}}